{"id":1455,"date":"2018-02-15T10:00:32","date_gmt":"2018-02-15T09:00:32","guid":{"rendered":"http:\/\/www.general-aero.com\/applications\/waschraeume"},"modified":"2026-05-11T15:39:16","modified_gmt":"2026-05-11T13:39:16","slug":"lavatories","status":"publish","type":"page","link":"https:\/\/general-aero.com\/en\/applications\/lavatories","title":{"rendered":"Lavatories"},"content":{"rendered":"<div id=\"cs-content\" class=\"cs-content\"><\/div>\n","protected":false},"excerpt":{"rendered":"<p>Handle Slide from left to right to see our products in action. Waschr\u00e4umeIn Flugzeug-Waschr\u00e4umen befinden sich zahlreiche Klappen, deren Bedienung unterschiedliche Anforderungen an Motion-Control-Komponenten stellt. Manche Klappen m\u00fcssen sich selbstst\u00e4ndig sanft schlie\u00dfen, um Brandschutzvorschriften gerecht zu werden, bei anderen Klappenarten steht eher der Komfort im Mittelpunkt. Letzteres gilt insbesondere f\u00fcr Business- und First-Class-Waschr\u00e4ume, in denen Passagiere von Luxus umgeben sein &#8230; <\/p>\n<div><a href=\"https:\/\/general-aero.com\/en\/applications\/lavatories\" class=\"more-link\">Read More<\/a><\/div>\n","protected":false},"author":5,"featured_media":21920,"parent":1449,"menu_order":0,"comment_status":"closed","ping_status":"open","template":"","meta":{"footnotes":""},"class_list":["post-1455","page","type-page","status-publish","has-post-thumbnail","hentry"],"yoast_head":"<!-- This site is optimized with the Yoast SEO plugin v27.6 - https:\/\/yoast.com\/product\/yoast-seo-wordpress\/ -->\n<title>Lavatories - General Aerospace<\/title>\n<meta name=\"robots\" content=\"index, follow, max-snippet:-1, max-image-preview:large, max-video-preview:-1\" \/>\n<link rel=\"canonical\" href=\"https:\/\/general-aero.com\/en\/applications\/lavatories\" \/>\n<meta property=\"og:locale\" content=\"en_US\" \/>\n<meta property=\"og:type\" content=\"article\" \/>\n<meta property=\"og:title\" content=\"Lavatories - General Aerospace\" \/>\n<meta property=\"og:description\" content=\"Handle Slide from left to right to see our products in action. Waschr\u00e4umeIn Flugzeug-Waschr\u00e4umen befinden sich zahlreiche Klappen, deren Bedienung unterschiedliche Anforderungen an Motion-Control-Komponenten stellt. Manche Klappen m\u00fcssen sich selbstst\u00e4ndig sanft schlie\u00dfen, um Brandschutzvorschriften gerecht zu werden, bei anderen Klappenarten steht eher der Komfort im Mittelpunkt. Letzteres gilt insbesondere f\u00fcr Business- und First-Class-Waschr\u00e4ume, in denen Passagiere von Luxus umgeben sein ... Read More\" \/>\n<meta property=\"og:url\" content=\"https:\/\/general-aero.com\/en\/applications\/lavatories\" \/>\n<meta property=\"og:site_name\" content=\"General Aerospace\" \/>\n<meta property=\"article:modified_time\" content=\"2026-05-11T13:39:16+00:00\" \/>\n<meta property=\"og:image\" content=\"https:\/\/general-aero.com\/wp-content\/uploads\/2018\/02\/waschraum_header.jpg\" \/>\n\t<meta property=\"og:image:width\" content=\"1140\" \/>\n\t<meta property=\"og:image:height\" content=\"400\" \/>\n\t<meta property=\"og:image:type\" content=\"image\/jpeg\" \/>\n<meta name=\"twitter:card\" content=\"summary_large_image\" \/>\n<meta name=\"twitter:label1\" content=\"Est. reading time\" \/>\n\t<meta name=\"twitter:data1\" content=\"8 minutes\" \/>\n<script type=\"application\/ld+json\" class=\"yoast-schema-graph\">{\"@context\":\"https:\\\/\\\/schema.org\",\"@graph\":[{\"@type\":\"WebPage\",\"@id\":\"https:\\\/\\\/general-aero.com\\\/en\\\/applications\\\/lavatories\",\"url\":\"https:\\\/\\\/general-aero.com\\\/en\\\/applications\\\/lavatories\",\"name\":\"Lavatories - General Aerospace\",\"isPartOf\":{\"@id\":\"https:\\\/\\\/general-aero.com\\\/en#website\"},\"primaryImageOfPage\":{\"@id\":\"https:\\\/\\\/general-aero.com\\\/en\\\/applications\\\/lavatories#primaryimage\"},\"image\":{\"@id\":\"https:\\\/\\\/general-aero.com\\\/en\\\/applications\\\/lavatories#primaryimage\"},\"thumbnailUrl\":\"https:\\\/\\\/general-aero.com\\\/wp-content\\\/uploads\\\/2018\\\/02\\\/waschraum_header.jpg\",\"datePublished\":\"2018-02-15T09:00:32+00:00\",\"dateModified\":\"2026-05-11T13:39:16+00:00\",\"breadcrumb\":{\"@id\":\"https:\\\/\\\/general-aero.com\\\/en\\\/applications\\\/lavatories#breadcrumb\"},\"inLanguage\":\"en-US\",\"potentialAction\":[{\"@type\":\"ReadAction\",\"target\":[\"https:\\\/\\\/general-aero.com\\\/en\\\/applications\\\/lavatories\"]}]},{\"@type\":\"ImageObject\",\"inLanguage\":\"en-US\",\"@id\":\"https:\\\/\\\/general-aero.com\\\/en\\\/applications\\\/lavatories#primaryimage\",\"url\":\"https:\\\/\\\/general-aero.com\\\/wp-content\\\/uploads\\\/2018\\\/02\\\/waschraum_header.jpg\",\"contentUrl\":\"https:\\\/\\\/general-aero.com\\\/wp-content\\\/uploads\\\/2018\\\/02\\\/waschraum_header.jpg\",\"width\":1140,\"height\":400},{\"@type\":\"BreadcrumbList\",\"@id\":\"https:\\\/\\\/general-aero.com\\\/en\\\/applications\\\/lavatories#breadcrumb\",\"itemListElement\":[{\"@type\":\"ListItem\",\"position\":1,\"name\":\"Start\",\"item\":\"https:\\\/\\\/general-aero.com\\\/en\"},{\"@type\":\"ListItem\",\"position\":2,\"name\":\"Applications\",\"item\":\"https:\\\/\\\/general-aero.com\\\/en\\\/applications\"},{\"@type\":\"ListItem\",\"position\":3,\"name\":\"Lavatories\"}]},{\"@type\":\"WebSite\",\"@id\":\"https:\\\/\\\/general-aero.com\\\/en#website\",\"url\":\"https:\\\/\\\/general-aero.com\\\/en\",\"name\":\"General Aerospace\",\"description\":\"Cross the Line to the Future\",\"potentialAction\":[{\"@type\":\"SearchAction\",\"target\":{\"@type\":\"EntryPoint\",\"urlTemplate\":\"https:\\\/\\\/general-aero.com\\\/en?s={search_term_string}\"},\"query-input\":{\"@type\":\"PropertyValueSpecification\",\"valueRequired\":true,\"valueName\":\"search_term_string\"}}],\"inLanguage\":\"en-US\"}]}<\/script>\n<!-- \/ Yoast SEO plugin. -->","yoast_head_json":{"title":"Lavatories - General Aerospace","robots":{"index":"index","follow":"follow","max-snippet":"max-snippet:-1","max-image-preview":"max-image-preview:large","max-video-preview":"max-video-preview:-1"},"canonical":"https:\/\/general-aero.com\/en\/applications\/lavatories","og_locale":"en_US","og_type":"article","og_title":"Lavatories - General Aerospace","og_description":"Handle Slide from left to right to see our products in action. Waschr\u00e4umeIn Flugzeug-Waschr\u00e4umen befinden sich zahlreiche Klappen, deren Bedienung unterschiedliche Anforderungen an Motion-Control-Komponenten stellt. Manche Klappen m\u00fcssen sich selbstst\u00e4ndig sanft schlie\u00dfen, um Brandschutzvorschriften gerecht zu werden, bei anderen Klappenarten steht eher der Komfort im Mittelpunkt. Letzteres gilt insbesondere f\u00fcr Business- und First-Class-Waschr\u00e4ume, in denen Passagiere von Luxus umgeben sein ... Read More","og_url":"https:\/\/general-aero.com\/en\/applications\/lavatories","og_site_name":"General Aerospace","article_modified_time":"2026-05-11T13:39:16+00:00","og_image":[{"width":1140,"height":400,"url":"https:\/\/general-aero.com\/wp-content\/uploads\/2018\/02\/waschraum_header.jpg","type":"image\/jpeg"}],"twitter_card":"summary_large_image","twitter_misc":{"Est. reading time":"8 minutes"},"schema":{"@context":"https:\/\/schema.org","@graph":[{"@type":"WebPage","@id":"https:\/\/general-aero.com\/en\/applications\/lavatories","url":"https:\/\/general-aero.com\/en\/applications\/lavatories","name":"Lavatories - General Aerospace","isPartOf":{"@id":"https:\/\/general-aero.com\/en#website"},"primaryImageOfPage":{"@id":"https:\/\/general-aero.com\/en\/applications\/lavatories#primaryimage"},"image":{"@id":"https:\/\/general-aero.com\/en\/applications\/lavatories#primaryimage"},"thumbnailUrl":"https:\/\/general-aero.com\/wp-content\/uploads\/2018\/02\/waschraum_header.jpg","datePublished":"2018-02-15T09:00:32+00:00","dateModified":"2026-05-11T13:39:16+00:00","breadcrumb":{"@id":"https:\/\/general-aero.com\/en\/applications\/lavatories#breadcrumb"},"inLanguage":"en-US","potentialAction":[{"@type":"ReadAction","target":["https:\/\/general-aero.com\/en\/applications\/lavatories"]}]},{"@type":"ImageObject","inLanguage":"en-US","@id":"https:\/\/general-aero.com\/en\/applications\/lavatories#primaryimage","url":"https:\/\/general-aero.com\/wp-content\/uploads\/2018\/02\/waschraum_header.jpg","contentUrl":"https:\/\/general-aero.com\/wp-content\/uploads\/2018\/02\/waschraum_header.jpg","width":1140,"height":400},{"@type":"BreadcrumbList","@id":"https:\/\/general-aero.com\/en\/applications\/lavatories#breadcrumb","itemListElement":[{"@type":"ListItem","position":1,"name":"Start","item":"https:\/\/general-aero.com\/en"},{"@type":"ListItem","position":2,"name":"Applications","item":"https:\/\/general-aero.com\/en\/applications"},{"@type":"ListItem","position":3,"name":"Lavatories"}]},{"@type":"WebSite","@id":"https:\/\/general-aero.com\/en#website","url":"https:\/\/general-aero.com\/en","name":"General Aerospace","description":"Cross the Line to the Future","potentialAction":[{"@type":"SearchAction","target":{"@type":"EntryPoint","urlTemplate":"https:\/\/general-aero.com\/en?s={search_term_string}"},"query-input":{"@type":"PropertyValueSpecification","valueRequired":true,"valueName":"search_term_string"}}],"inLanguage":"en-US"}]}},"_links":{"self":[{"href":"https:\/\/general-aero.com\/en\/wp-json\/wp\/v2\/pages\/1455","targetHints":{"allow":["GET"]}}],"collection":[{"href":"https:\/\/general-aero.com\/en\/wp-json\/wp\/v2\/pages"}],"about":[{"href":"https:\/\/general-aero.com\/en\/wp-json\/wp\/v2\/types\/page"}],"author":[{"embeddable":true,"href":"https:\/\/general-aero.com\/en\/wp-json\/wp\/v2\/users\/5"}],"replies":[{"embeddable":true,"href":"https:\/\/general-aero.com\/en\/wp-json\/wp\/v2\/comments?post=1455"}],"version-history":[{"count":48,"href":"https:\/\/general-aero.com\/en\/wp-json\/wp\/v2\/pages\/1455\/revisions"}],"predecessor-version":[{"id":22105,"href":"https:\/\/general-aero.com\/en\/wp-json\/wp\/v2\/pages\/1455\/revisions\/22105"}],"up":[{"embeddable":true,"href":"https:\/\/general-aero.com\/en\/wp-json\/wp\/v2\/pages\/1449"}],"wp:featuredmedia":[{"embeddable":true,"href":"https:\/\/general-aero.com\/en\/wp-json\/wp\/v2\/media\/21920"}],"wp:attachment":[{"href":"https:\/\/general-aero.com\/en\/wp-json\/wp\/v2\/media?parent=1455"}],"curies":[{"name":"wp","href":"https:\/\/api.w.org\/{rel}","templated":true}]}}