{"id":1461,"date":"2018-02-15T10:02:00","date_gmt":"2018-02-15T09:02:00","guid":{"rendered":"http:\/\/www.general-aero.com\/applications\/treppen"},"modified":"2026-04-06T07:45:52","modified_gmt":"2026-04-06T05:45:52","slug":"airstairs","status":"publish","type":"page","link":"https:\/\/general-aero.com\/en\/applications\/airstairs","title":{"rendered":"Airstairs"},"content":{"rendered":"<div id=\"cs-content\" class=\"cs-content\"><\/div>\n","protected":false},"excerpt":{"rendered":"<p>TreppenDass wir Ihnen nicht nur funktional erstklassige Motion-Control-Komponenten bieten, sondern auch \u00e4sthetisch sch\u00f6ne Produkte, zeigt sich unter anderem bei unseren Treppengel\u00e4ndern mit passenden Teleskopstangen f\u00fcr Privatjets. Wir wissen, dass Ihre anspruchsvollen Kunden Luxus bis in kleinste Detail erwarten. Gel\u00e4nder sind das erste und das letzte Detail, das Passagiere ber\u00fchren, wenn sie sicher gef\u00fchrt den Jet betreten und wieder verlassen. Da &#8230; <\/p>\n<div><a href=\"https:\/\/general-aero.com\/en\/applications\/airstairs\" class=\"more-link\">Read More<\/a><\/div>\n","protected":false},"author":5,"featured_media":1421,"parent":1449,"menu_order":0,"comment_status":"closed","ping_status":"open","template":"","meta":{"footnotes":""},"class_list":["post-1461","page","type-page","status-publish","has-post-thumbnail","hentry"],"yoast_head":"<!-- This site is optimized with the Yoast SEO plugin v27.6 - https:\/\/yoast.com\/product\/yoast-seo-wordpress\/ -->\n<title>Airstairs - General Aerospace<\/title>\n<meta name=\"robots\" content=\"index, follow, max-snippet:-1, max-image-preview:large, max-video-preview:-1\" \/>\n<link rel=\"canonical\" href=\"https:\/\/general-aero.com\/en\/applications\/airstairs\" \/>\n<meta property=\"og:locale\" content=\"en_US\" \/>\n<meta property=\"og:type\" content=\"article\" \/>\n<meta property=\"og:title\" content=\"Airstairs - General Aerospace\" \/>\n<meta property=\"og:description\" content=\"TreppenDass wir Ihnen nicht nur funktional erstklassige Motion-Control-Komponenten bieten, sondern auch \u00e4sthetisch sch\u00f6ne Produkte, zeigt sich unter anderem bei unseren Treppengel\u00e4ndern mit passenden Teleskopstangen f\u00fcr Privatjets. Wir wissen, dass Ihre anspruchsvollen Kunden Luxus bis in kleinste Detail erwarten. Gel\u00e4nder sind das erste und das letzte Detail, das Passagiere ber\u00fchren, wenn sie sicher gef\u00fchrt den Jet betreten und wieder verlassen. Da ... Read More\" \/>\n<meta property=\"og:url\" content=\"https:\/\/general-aero.com\/en\/applications\/airstairs\" \/>\n<meta property=\"og:site_name\" content=\"General Aerospace\" \/>\n<meta property=\"article:modified_time\" content=\"2026-04-06T05:45:52+00:00\" \/>\n<meta property=\"og:image\" content=\"https:\/\/general-aero.com\/wp-content\/uploads\/2018\/02\/treppen_header.jpg\" \/>\n\t<meta property=\"og:image:width\" content=\"1140\" \/>\n\t<meta property=\"og:image:height\" content=\"400\" \/>\n\t<meta property=\"og:image:type\" content=\"image\/jpeg\" \/>\n<meta name=\"twitter:card\" content=\"summary_large_image\" \/>\n<meta name=\"twitter:label1\" content=\"Est. reading time\" \/>\n\t<meta name=\"twitter:data1\" content=\"2 minutes\" \/>\n<script type=\"application\/ld+json\" class=\"yoast-schema-graph\">{\"@context\":\"https:\\\/\\\/schema.org\",\"@graph\":[{\"@type\":\"WebPage\",\"@id\":\"https:\\\/\\\/general-aero.com\\\/en\\\/applications\\\/airstairs\",\"url\":\"https:\\\/\\\/general-aero.com\\\/en\\\/applications\\\/airstairs\",\"name\":\"Airstairs - General Aerospace\",\"isPartOf\":{\"@id\":\"https:\\\/\\\/general-aero.com\\\/en#website\"},\"primaryImageOfPage\":{\"@id\":\"https:\\\/\\\/general-aero.com\\\/en\\\/applications\\\/airstairs#primaryimage\"},\"image\":{\"@id\":\"https:\\\/\\\/general-aero.com\\\/en\\\/applications\\\/airstairs#primaryimage\"},\"thumbnailUrl\":\"https:\\\/\\\/general-aero.com\\\/wp-content\\\/uploads\\\/2018\\\/02\\\/treppen_header.jpg\",\"datePublished\":\"2018-02-15T09:02:00+00:00\",\"dateModified\":\"2026-04-06T05:45:52+00:00\",\"breadcrumb\":{\"@id\":\"https:\\\/\\\/general-aero.com\\\/en\\\/applications\\\/airstairs#breadcrumb\"},\"inLanguage\":\"en-US\",\"potentialAction\":[{\"@type\":\"ReadAction\",\"target\":[\"https:\\\/\\\/general-aero.com\\\/en\\\/applications\\\/airstairs\"]}]},{\"@type\":\"ImageObject\",\"inLanguage\":\"en-US\",\"@id\":\"https:\\\/\\\/general-aero.com\\\/en\\\/applications\\\/airstairs#primaryimage\",\"url\":\"https:\\\/\\\/general-aero.com\\\/wp-content\\\/uploads\\\/2018\\\/02\\\/treppen_header.jpg\",\"contentUrl\":\"https:\\\/\\\/general-aero.com\\\/wp-content\\\/uploads\\\/2018\\\/02\\\/treppen_header.jpg\",\"width\":1140,\"height\":400},{\"@type\":\"BreadcrumbList\",\"@id\":\"https:\\\/\\\/general-aero.com\\\/en\\\/applications\\\/airstairs#breadcrumb\",\"itemListElement\":[{\"@type\":\"ListItem\",\"position\":1,\"name\":\"Start\",\"item\":\"https:\\\/\\\/general-aero.com\\\/en\"},{\"@type\":\"ListItem\",\"position\":2,\"name\":\"Applications\",\"item\":\"https:\\\/\\\/general-aero.com\\\/en\\\/applications\"},{\"@type\":\"ListItem\",\"position\":3,\"name\":\"Airstairs\"}]},{\"@type\":\"WebSite\",\"@id\":\"https:\\\/\\\/general-aero.com\\\/en#website\",\"url\":\"https:\\\/\\\/general-aero.com\\\/en\",\"name\":\"General Aerospace\",\"description\":\"Cross the Line to the Future\",\"potentialAction\":[{\"@type\":\"SearchAction\",\"target\":{\"@type\":\"EntryPoint\",\"urlTemplate\":\"https:\\\/\\\/general-aero.com\\\/en?s={search_term_string}\"},\"query-input\":{\"@type\":\"PropertyValueSpecification\",\"valueRequired\":true,\"valueName\":\"search_term_string\"}}],\"inLanguage\":\"en-US\"}]}<\/script>\n<!-- \/ Yoast SEO plugin. -->","yoast_head_json":{"title":"Airstairs - General Aerospace","robots":{"index":"index","follow":"follow","max-snippet":"max-snippet:-1","max-image-preview":"max-image-preview:large","max-video-preview":"max-video-preview:-1"},"canonical":"https:\/\/general-aero.com\/en\/applications\/airstairs","og_locale":"en_US","og_type":"article","og_title":"Airstairs - General Aerospace","og_description":"TreppenDass wir Ihnen nicht nur funktional erstklassige Motion-Control-Komponenten bieten, sondern auch \u00e4sthetisch sch\u00f6ne Produkte, zeigt sich unter anderem bei unseren Treppengel\u00e4ndern mit passenden Teleskopstangen f\u00fcr Privatjets. Wir wissen, dass Ihre anspruchsvollen Kunden Luxus bis in kleinste Detail erwarten. Gel\u00e4nder sind das erste und das letzte Detail, das Passagiere ber\u00fchren, wenn sie sicher gef\u00fchrt den Jet betreten und wieder verlassen. Da ... Read More","og_url":"https:\/\/general-aero.com\/en\/applications\/airstairs","og_site_name":"General Aerospace","article_modified_time":"2026-04-06T05:45:52+00:00","og_image":[{"width":1140,"height":400,"url":"https:\/\/general-aero.com\/wp-content\/uploads\/2018\/02\/treppen_header.jpg","type":"image\/jpeg"}],"twitter_card":"summary_large_image","twitter_misc":{"Est. reading time":"2 minutes"},"schema":{"@context":"https:\/\/schema.org","@graph":[{"@type":"WebPage","@id":"https:\/\/general-aero.com\/en\/applications\/airstairs","url":"https:\/\/general-aero.com\/en\/applications\/airstairs","name":"Airstairs - General Aerospace","isPartOf":{"@id":"https:\/\/general-aero.com\/en#website"},"primaryImageOfPage":{"@id":"https:\/\/general-aero.com\/en\/applications\/airstairs#primaryimage"},"image":{"@id":"https:\/\/general-aero.com\/en\/applications\/airstairs#primaryimage"},"thumbnailUrl":"https:\/\/general-aero.com\/wp-content\/uploads\/2018\/02\/treppen_header.jpg","datePublished":"2018-02-15T09:02:00+00:00","dateModified":"2026-04-06T05:45:52+00:00","breadcrumb":{"@id":"https:\/\/general-aero.com\/en\/applications\/airstairs#breadcrumb"},"inLanguage":"en-US","potentialAction":[{"@type":"ReadAction","target":["https:\/\/general-aero.com\/en\/applications\/airstairs"]}]},{"@type":"ImageObject","inLanguage":"en-US","@id":"https:\/\/general-aero.com\/en\/applications\/airstairs#primaryimage","url":"https:\/\/general-aero.com\/wp-content\/uploads\/2018\/02\/treppen_header.jpg","contentUrl":"https:\/\/general-aero.com\/wp-content\/uploads\/2018\/02\/treppen_header.jpg","width":1140,"height":400},{"@type":"BreadcrumbList","@id":"https:\/\/general-aero.com\/en\/applications\/airstairs#breadcrumb","itemListElement":[{"@type":"ListItem","position":1,"name":"Start","item":"https:\/\/general-aero.com\/en"},{"@type":"ListItem","position":2,"name":"Applications","item":"https:\/\/general-aero.com\/en\/applications"},{"@type":"ListItem","position":3,"name":"Airstairs"}]},{"@type":"WebSite","@id":"https:\/\/general-aero.com\/en#website","url":"https:\/\/general-aero.com\/en","name":"General Aerospace","description":"Cross the Line to the Future","potentialAction":[{"@type":"SearchAction","target":{"@type":"EntryPoint","urlTemplate":"https:\/\/general-aero.com\/en?s={search_term_string}"},"query-input":{"@type":"PropertyValueSpecification","valueRequired":true,"valueName":"search_term_string"}}],"inLanguage":"en-US"}]}},"_links":{"self":[{"href":"https:\/\/general-aero.com\/en\/wp-json\/wp\/v2\/pages\/1461","targetHints":{"allow":["GET"]}}],"collection":[{"href":"https:\/\/general-aero.com\/en\/wp-json\/wp\/v2\/pages"}],"about":[{"href":"https:\/\/general-aero.com\/en\/wp-json\/wp\/v2\/types\/page"}],"author":[{"embeddable":true,"href":"https:\/\/general-aero.com\/en\/wp-json\/wp\/v2\/users\/5"}],"replies":[{"embeddable":true,"href":"https:\/\/general-aero.com\/en\/wp-json\/wp\/v2\/comments?post=1461"}],"version-history":[{"count":12,"href":"https:\/\/general-aero.com\/en\/wp-json\/wp\/v2\/pages\/1461\/revisions"}],"predecessor-version":[{"id":21924,"href":"https:\/\/general-aero.com\/en\/wp-json\/wp\/v2\/pages\/1461\/revisions\/21924"}],"up":[{"embeddable":true,"href":"https:\/\/general-aero.com\/en\/wp-json\/wp\/v2\/pages\/1449"}],"wp:featuredmedia":[{"embeddable":true,"href":"https:\/\/general-aero.com\/en\/wp-json\/wp\/v2\/media\/1421"}],"wp:attachment":[{"href":"https:\/\/general-aero.com\/en\/wp-json\/wp\/v2\/media?parent=1461"}],"curies":[{"name":"wp","href":"https:\/\/api.w.org\/{rel}","templated":true}]}}