{"id":1770,"date":"2017-09-11T13:25:15","date_gmt":"2017-09-11T11:25:15","guid":{"rendered":"http:\/\/www.general-aero.com\/impressum"},"modified":"2026-05-13T14:47:47","modified_gmt":"2026-05-13T12:47:47","slug":"imprint","status":"publish","type":"page","link":"https:\/\/general-aero.com\/en\/imprint","title":{"rendered":"Imprint"},"content":{"rendered":"<div id=\"cs-content\" class=\"cs-content\"><\/div>\n","protected":false},"excerpt":{"rendered":"<p>IMPRESSUMAngaben gem\u00e4\u00df \u00a7 5 TMG:Haftung f\u00fcr InhalteAls Diensteanbieter sind wir gem\u00e4\u00df \u00a7 7 Abs.1 TMG f\u00fcr eigene Inhalte auf diesen Seiten nach den allgemeinen Gesetzen verantwortlich. Nach \u00a7\u00a7 8 bis 10 TMG sind wir als Diensteanbieter jedoch nicht verpflichtet, \u00fcbermittelte oder gespeicherte fremde Informationen zu \u00fcberwachen oder nach Umst\u00e4nden zu forschen, die auf eine rechtswidrige T\u00e4tigkeit hinweisen. Verpflichtungen zur Entfernung &#8230; <\/p>\n<div><a href=\"https:\/\/general-aero.com\/en\/imprint\" class=\"more-link\">Read More<\/a><\/div>\n","protected":false},"author":5,"featured_media":0,"parent":0,"menu_order":0,"comment_status":"closed","ping_status":"open","template":"","meta":{"footnotes":""},"class_list":["post-1770","page","type-page","status-publish","hentry","no-post-thumbnail"],"yoast_head":"<!-- This site is optimized with the Yoast SEO plugin v27.6 - https:\/\/yoast.com\/product\/yoast-seo-wordpress\/ -->\n<title>Imprint - General Aerospace<\/title>\n<meta name=\"robots\" content=\"noindex, nofollow\" \/>\n<meta property=\"og:locale\" content=\"en_US\" \/>\n<meta property=\"og:type\" content=\"article\" \/>\n<meta property=\"og:title\" content=\"Imprint - General Aerospace\" \/>\n<meta property=\"og:description\" content=\"IMPRESSUMAngaben gem\u00e4\u00df \u00a7 5 TMG:Haftung f\u00fcr InhalteAls Diensteanbieter sind wir gem\u00e4\u00df \u00a7 7 Abs.1 TMG f\u00fcr eigene Inhalte auf diesen Seiten nach den allgemeinen Gesetzen verantwortlich. Nach \u00a7\u00a7 8 bis 10 TMG sind wir als Diensteanbieter jedoch nicht verpflichtet, \u00fcbermittelte oder gespeicherte fremde Informationen zu \u00fcberwachen oder nach Umst\u00e4nden zu forschen, die auf eine rechtswidrige T\u00e4tigkeit hinweisen. Verpflichtungen zur Entfernung ... Read More\" \/>\n<meta property=\"og:url\" content=\"https:\/\/general-aero.com\/en\/imprint\" \/>\n<meta property=\"og:site_name\" content=\"General Aerospace\" \/>\n<meta property=\"article:modified_time\" content=\"2026-05-13T12:47:47+00:00\" \/>\n<meta name=\"twitter:card\" content=\"summary_large_image\" \/>\n<meta name=\"twitter:label1\" content=\"Est. reading time\" \/>\n\t<meta name=\"twitter:data1\" content=\"3 minutes\" \/>\n<script type=\"application\/ld+json\" class=\"yoast-schema-graph\">{\"@context\":\"https:\\\/\\\/schema.org\",\"@graph\":[{\"@type\":\"WebPage\",\"@id\":\"https:\\\/\\\/general-aero.com\\\/en\\\/imprint\",\"url\":\"https:\\\/\\\/general-aero.com\\\/en\\\/imprint\",\"name\":\"Imprint - General Aerospace\",\"isPartOf\":{\"@id\":\"https:\\\/\\\/general-aero.com\\\/en#website\"},\"datePublished\":\"2017-09-11T11:25:15+00:00\",\"dateModified\":\"2026-05-13T12:47:47+00:00\",\"breadcrumb\":{\"@id\":\"https:\\\/\\\/general-aero.com\\\/en\\\/imprint#breadcrumb\"},\"inLanguage\":\"en-US\",\"potentialAction\":[{\"@type\":\"ReadAction\",\"target\":[\"https:\\\/\\\/general-aero.com\\\/en\\\/imprint\"]}]},{\"@type\":\"BreadcrumbList\",\"@id\":\"https:\\\/\\\/general-aero.com\\\/en\\\/imprint#breadcrumb\",\"itemListElement\":[{\"@type\":\"ListItem\",\"position\":1,\"name\":\"Start\",\"item\":\"https:\\\/\\\/general-aero.com\\\/en\"},{\"@type\":\"ListItem\",\"position\":2,\"name\":\"Imprint\"}]},{\"@type\":\"WebSite\",\"@id\":\"https:\\\/\\\/general-aero.com\\\/en#website\",\"url\":\"https:\\\/\\\/general-aero.com\\\/en\",\"name\":\"General Aerospace\",\"description\":\"Cross the Line to the Future\",\"potentialAction\":[{\"@type\":\"SearchAction\",\"target\":{\"@type\":\"EntryPoint\",\"urlTemplate\":\"https:\\\/\\\/general-aero.com\\\/en?s={search_term_string}\"},\"query-input\":{\"@type\":\"PropertyValueSpecification\",\"valueRequired\":true,\"valueName\":\"search_term_string\"}}],\"inLanguage\":\"en-US\"}]}<\/script>\n<!-- \/ Yoast SEO plugin. -->","yoast_head_json":{"title":"Imprint - General Aerospace","robots":{"index":"noindex","follow":"nofollow"},"og_locale":"en_US","og_type":"article","og_title":"Imprint - General Aerospace","og_description":"IMPRESSUMAngaben gem\u00e4\u00df \u00a7 5 TMG:Haftung f\u00fcr InhalteAls Diensteanbieter sind wir gem\u00e4\u00df \u00a7 7 Abs.1 TMG f\u00fcr eigene Inhalte auf diesen Seiten nach den allgemeinen Gesetzen verantwortlich. Nach \u00a7\u00a7 8 bis 10 TMG sind wir als Diensteanbieter jedoch nicht verpflichtet, \u00fcbermittelte oder gespeicherte fremde Informationen zu \u00fcberwachen oder nach Umst\u00e4nden zu forschen, die auf eine rechtswidrige T\u00e4tigkeit hinweisen. Verpflichtungen zur Entfernung ... Read More","og_url":"https:\/\/general-aero.com\/en\/imprint","og_site_name":"General Aerospace","article_modified_time":"2026-05-13T12:47:47+00:00","twitter_card":"summary_large_image","twitter_misc":{"Est. reading time":"3 minutes"},"schema":{"@context":"https:\/\/schema.org","@graph":[{"@type":"WebPage","@id":"https:\/\/general-aero.com\/en\/imprint","url":"https:\/\/general-aero.com\/en\/imprint","name":"Imprint - General Aerospace","isPartOf":{"@id":"https:\/\/general-aero.com\/en#website"},"datePublished":"2017-09-11T11:25:15+00:00","dateModified":"2026-05-13T12:47:47+00:00","breadcrumb":{"@id":"https:\/\/general-aero.com\/en\/imprint#breadcrumb"},"inLanguage":"en-US","potentialAction":[{"@type":"ReadAction","target":["https:\/\/general-aero.com\/en\/imprint"]}]},{"@type":"BreadcrumbList","@id":"https:\/\/general-aero.com\/en\/imprint#breadcrumb","itemListElement":[{"@type":"ListItem","position":1,"name":"Start","item":"https:\/\/general-aero.com\/en"},{"@type":"ListItem","position":2,"name":"Imprint"}]},{"@type":"WebSite","@id":"https:\/\/general-aero.com\/en#website","url":"https:\/\/general-aero.com\/en","name":"General Aerospace","description":"Cross the Line to the Future","potentialAction":[{"@type":"SearchAction","target":{"@type":"EntryPoint","urlTemplate":"https:\/\/general-aero.com\/en?s={search_term_string}"},"query-input":{"@type":"PropertyValueSpecification","valueRequired":true,"valueName":"search_term_string"}}],"inLanguage":"en-US"}]}},"_links":{"self":[{"href":"https:\/\/general-aero.com\/en\/wp-json\/wp\/v2\/pages\/1770","targetHints":{"allow":["GET"]}}],"collection":[{"href":"https:\/\/general-aero.com\/en\/wp-json\/wp\/v2\/pages"}],"about":[{"href":"https:\/\/general-aero.com\/en\/wp-json\/wp\/v2\/types\/page"}],"author":[{"embeddable":true,"href":"https:\/\/general-aero.com\/en\/wp-json\/wp\/v2\/users\/5"}],"replies":[{"embeddable":true,"href":"https:\/\/general-aero.com\/en\/wp-json\/wp\/v2\/comments?post=1770"}],"version-history":[{"count":13,"href":"https:\/\/general-aero.com\/en\/wp-json\/wp\/v2\/pages\/1770\/revisions"}],"predecessor-version":[{"id":21910,"href":"https:\/\/general-aero.com\/en\/wp-json\/wp\/v2\/pages\/1770\/revisions\/21910"}],"wp:attachment":[{"href":"https:\/\/general-aero.com\/en\/wp-json\/wp\/v2\/media?parent=1770"}],"curies":[{"name":"wp","href":"https:\/\/api.w.org\/{rel}","templated":true}]}}