{"id":1864,"date":"2018-02-15T09:14:48","date_gmt":"2018-02-15T08:14:48","guid":{"rendered":"http:\/\/www.general-aero.com\/company\/about-ga"},"modified":"2026-05-14T17:03:09","modified_gmt":"2026-05-14T15:03:09","slug":"general-aerospace","status":"publish","type":"page","link":"https:\/\/general-aero.com\/en\/company\/general-aerospace","title":{"rendered":"General Aerospace"},"content":{"rendered":"<div id=\"cs-content\" class=\"cs-content\"><\/div>\n","protected":false},"excerpt":{"rendered":"<p>General AerospaceMit einer gro\u00dfen Vision im Blick und vereint durch ihre gemeinsame Leidenschaft f\u00fcr die Luftfahrt, haben sich Samuele Piatti und Erik van den Dolder 2003 zusammengetan und General Aerospace gegr\u00fcndet. Innerhalb k\u00fcrzester Zeit konnten sie den Markt von ihren Leistungen \u00fcberzeugen und das Unternehmen zum Erfolg f\u00fchren. Mit Hauptsitz in Deutschland und einem Kunden-Support-Center in den Staaten liefern sie &#8230; <\/p>\n<div><a href=\"https:\/\/general-aero.com\/en\/company\/general-aerospace\" class=\"more-link\">Read More<\/a><\/div>\n","protected":false},"author":5,"featured_media":2087,"parent":1853,"menu_order":0,"comment_status":"closed","ping_status":"open","template":"","meta":{"footnotes":""},"class_list":["post-1864","page","type-page","status-publish","has-post-thumbnail","hentry"],"yoast_head":"<!-- This site is optimized with the Yoast SEO plugin v27.6 - https:\/\/yoast.com\/product\/yoast-seo-wordpress\/ -->\n<title>General Aerospace - General Aerospace<\/title>\n<meta name=\"robots\" content=\"index, follow, max-snippet:-1, max-image-preview:large, max-video-preview:-1\" \/>\n<link rel=\"canonical\" href=\"https:\/\/general-aero.com\/en\/company\/general-aerospace\" \/>\n<meta property=\"og:locale\" content=\"en_US\" \/>\n<meta property=\"og:type\" content=\"article\" \/>\n<meta property=\"og:title\" content=\"General Aerospace - General Aerospace\" \/>\n<meta property=\"og:description\" content=\"General AerospaceMit einer gro\u00dfen Vision im Blick und vereint durch ihre gemeinsame Leidenschaft f\u00fcr die Luftfahrt, haben sich Samuele Piatti und Erik van den Dolder 2003 zusammengetan und General Aerospace gegr\u00fcndet. Innerhalb k\u00fcrzester Zeit konnten sie den Markt von ihren Leistungen \u00fcberzeugen und das Unternehmen zum Erfolg f\u00fchren. Mit Hauptsitz in Deutschland und einem Kunden-Support-Center in den Staaten liefern sie ... Read More\" \/>\n<meta property=\"og:url\" content=\"https:\/\/general-aero.com\/en\/company\/general-aerospace\" \/>\n<meta property=\"og:site_name\" content=\"General Aerospace\" \/>\n<meta property=\"article:modified_time\" content=\"2026-05-14T15:03:09+00:00\" \/>\n<meta property=\"og:image\" content=\"https:\/\/general-aero.com\/wp-content\/uploads\/2018\/03\/ga_header_c.jpg\" \/>\n\t<meta property=\"og:image:width\" content=\"1140\" \/>\n\t<meta property=\"og:image:height\" content=\"600\" \/>\n\t<meta property=\"og:image:type\" content=\"image\/jpeg\" \/>\n<meta name=\"twitter:card\" content=\"summary_large_image\" \/>\n<meta name=\"twitter:label1\" content=\"Est. reading time\" \/>\n\t<meta name=\"twitter:data1\" content=\"8 minutes\" \/>\n<script type=\"application\/ld+json\" class=\"yoast-schema-graph\">{\"@context\":\"https:\\\/\\\/schema.org\",\"@graph\":[{\"@type\":\"WebPage\",\"@id\":\"https:\\\/\\\/general-aero.com\\\/en\\\/company\\\/general-aerospace\",\"url\":\"https:\\\/\\\/general-aero.com\\\/en\\\/company\\\/general-aerospace\",\"name\":\"General Aerospace - General Aerospace\",\"isPartOf\":{\"@id\":\"https:\\\/\\\/general-aero.com\\\/en#website\"},\"primaryImageOfPage\":{\"@id\":\"https:\\\/\\\/general-aero.com\\\/en\\\/company\\\/general-aerospace#primaryimage\"},\"image\":{\"@id\":\"https:\\\/\\\/general-aero.com\\\/en\\\/company\\\/general-aerospace#primaryimage\"},\"thumbnailUrl\":\"https:\\\/\\\/general-aero.com\\\/wp-content\\\/uploads\\\/2018\\\/03\\\/ga_header_c.jpg\",\"datePublished\":\"2018-02-15T08:14:48+00:00\",\"dateModified\":\"2026-05-14T15:03:09+00:00\",\"breadcrumb\":{\"@id\":\"https:\\\/\\\/general-aero.com\\\/en\\\/company\\\/general-aerospace#breadcrumb\"},\"inLanguage\":\"en-US\",\"potentialAction\":[{\"@type\":\"ReadAction\",\"target\":[\"https:\\\/\\\/general-aero.com\\\/en\\\/company\\\/general-aerospace\"]}]},{\"@type\":\"ImageObject\",\"inLanguage\":\"en-US\",\"@id\":\"https:\\\/\\\/general-aero.com\\\/en\\\/company\\\/general-aerospace#primaryimage\",\"url\":\"https:\\\/\\\/general-aero.com\\\/wp-content\\\/uploads\\\/2018\\\/03\\\/ga_header_c.jpg\",\"contentUrl\":\"https:\\\/\\\/general-aero.com\\\/wp-content\\\/uploads\\\/2018\\\/03\\\/ga_header_c.jpg\",\"width\":1140,\"height\":600},{\"@type\":\"BreadcrumbList\",\"@id\":\"https:\\\/\\\/general-aero.com\\\/en\\\/company\\\/general-aerospace#breadcrumb\",\"itemListElement\":[{\"@type\":\"ListItem\",\"position\":1,\"name\":\"Start\",\"item\":\"https:\\\/\\\/general-aero.com\\\/en\"},{\"@type\":\"ListItem\",\"position\":2,\"name\":\"Company\",\"item\":\"https:\\\/\\\/general-aero.com\\\/en\\\/unternehmen\"},{\"@type\":\"ListItem\",\"position\":3,\"name\":\"General Aerospace\"}]},{\"@type\":\"WebSite\",\"@id\":\"https:\\\/\\\/general-aero.com\\\/en#website\",\"url\":\"https:\\\/\\\/general-aero.com\\\/en\",\"name\":\"General Aerospace\",\"description\":\"Cross the Line to the Future\",\"potentialAction\":[{\"@type\":\"SearchAction\",\"target\":{\"@type\":\"EntryPoint\",\"urlTemplate\":\"https:\\\/\\\/general-aero.com\\\/en?s={search_term_string}\"},\"query-input\":{\"@type\":\"PropertyValueSpecification\",\"valueRequired\":true,\"valueName\":\"search_term_string\"}}],\"inLanguage\":\"en-US\"}]}<\/script>\n<!-- \/ Yoast SEO plugin. -->","yoast_head_json":{"title":"General Aerospace - General Aerospace","robots":{"index":"index","follow":"follow","max-snippet":"max-snippet:-1","max-image-preview":"max-image-preview:large","max-video-preview":"max-video-preview:-1"},"canonical":"https:\/\/general-aero.com\/en\/company\/general-aerospace","og_locale":"en_US","og_type":"article","og_title":"General Aerospace - General Aerospace","og_description":"General AerospaceMit einer gro\u00dfen Vision im Blick und vereint durch ihre gemeinsame Leidenschaft f\u00fcr die Luftfahrt, haben sich Samuele Piatti und Erik van den Dolder 2003 zusammengetan und General Aerospace gegr\u00fcndet. Innerhalb k\u00fcrzester Zeit konnten sie den Markt von ihren Leistungen \u00fcberzeugen und das Unternehmen zum Erfolg f\u00fchren. Mit Hauptsitz in Deutschland und einem Kunden-Support-Center in den Staaten liefern sie ... Read More","og_url":"https:\/\/general-aero.com\/en\/company\/general-aerospace","og_site_name":"General Aerospace","article_modified_time":"2026-05-14T15:03:09+00:00","og_image":[{"width":1140,"height":600,"url":"https:\/\/general-aero.com\/wp-content\/uploads\/2018\/03\/ga_header_c.jpg","type":"image\/jpeg"}],"twitter_card":"summary_large_image","twitter_misc":{"Est. reading time":"8 minutes"},"schema":{"@context":"https:\/\/schema.org","@graph":[{"@type":"WebPage","@id":"https:\/\/general-aero.com\/en\/company\/general-aerospace","url":"https:\/\/general-aero.com\/en\/company\/general-aerospace","name":"General Aerospace - General Aerospace","isPartOf":{"@id":"https:\/\/general-aero.com\/en#website"},"primaryImageOfPage":{"@id":"https:\/\/general-aero.com\/en\/company\/general-aerospace#primaryimage"},"image":{"@id":"https:\/\/general-aero.com\/en\/company\/general-aerospace#primaryimage"},"thumbnailUrl":"https:\/\/general-aero.com\/wp-content\/uploads\/2018\/03\/ga_header_c.jpg","datePublished":"2018-02-15T08:14:48+00:00","dateModified":"2026-05-14T15:03:09+00:00","breadcrumb":{"@id":"https:\/\/general-aero.com\/en\/company\/general-aerospace#breadcrumb"},"inLanguage":"en-US","potentialAction":[{"@type":"ReadAction","target":["https:\/\/general-aero.com\/en\/company\/general-aerospace"]}]},{"@type":"ImageObject","inLanguage":"en-US","@id":"https:\/\/general-aero.com\/en\/company\/general-aerospace#primaryimage","url":"https:\/\/general-aero.com\/wp-content\/uploads\/2018\/03\/ga_header_c.jpg","contentUrl":"https:\/\/general-aero.com\/wp-content\/uploads\/2018\/03\/ga_header_c.jpg","width":1140,"height":600},{"@type":"BreadcrumbList","@id":"https:\/\/general-aero.com\/en\/company\/general-aerospace#breadcrumb","itemListElement":[{"@type":"ListItem","position":1,"name":"Start","item":"https:\/\/general-aero.com\/en"},{"@type":"ListItem","position":2,"name":"Company","item":"https:\/\/general-aero.com\/en\/unternehmen"},{"@type":"ListItem","position":3,"name":"General Aerospace"}]},{"@type":"WebSite","@id":"https:\/\/general-aero.com\/en#website","url":"https:\/\/general-aero.com\/en","name":"General Aerospace","description":"Cross the Line to the Future","potentialAction":[{"@type":"SearchAction","target":{"@type":"EntryPoint","urlTemplate":"https:\/\/general-aero.com\/en?s={search_term_string}"},"query-input":{"@type":"PropertyValueSpecification","valueRequired":true,"valueName":"search_term_string"}}],"inLanguage":"en-US"}]}},"_links":{"self":[{"href":"https:\/\/general-aero.com\/en\/wp-json\/wp\/v2\/pages\/1864","targetHints":{"allow":["GET"]}}],"collection":[{"href":"https:\/\/general-aero.com\/en\/wp-json\/wp\/v2\/pages"}],"about":[{"href":"https:\/\/general-aero.com\/en\/wp-json\/wp\/v2\/types\/page"}],"author":[{"embeddable":true,"href":"https:\/\/general-aero.com\/en\/wp-json\/wp\/v2\/users\/5"}],"replies":[{"embeddable":true,"href":"https:\/\/general-aero.com\/en\/wp-json\/wp\/v2\/comments?post=1864"}],"version-history":[{"count":39,"href":"https:\/\/general-aero.com\/en\/wp-json\/wp\/v2\/pages\/1864\/revisions"}],"predecessor-version":[{"id":21901,"href":"https:\/\/general-aero.com\/en\/wp-json\/wp\/v2\/pages\/1864\/revisions\/21901"}],"up":[{"embeddable":true,"href":"https:\/\/general-aero.com\/en\/wp-json\/wp\/v2\/pages\/1853"}],"wp:featuredmedia":[{"embeddable":true,"href":"https:\/\/general-aero.com\/en\/wp-json\/wp\/v2\/media\/2087"}],"wp:attachment":[{"href":"https:\/\/general-aero.com\/en\/wp-json\/wp\/v2\/media?parent=1864"}],"curies":[{"name":"wp","href":"https:\/\/api.w.org\/{rel}","templated":true}]}}