{"id":2528,"date":"2018-02-15T10:04:10","date_gmt":"2018-02-15T09:04:10","guid":{"rendered":"https:\/\/www.general-aero.com\/produkte\/oelbremsen"},"modified":"2026-04-23T09:31:39","modified_gmt":"2026-04-23T07:31:39","slug":"hydraulic-dampers","status":"publish","type":"page","link":"https:\/\/general-aero.com\/en\/products\/hydraulic-dampers","title":{"rendered":"Hydraulic dampers"},"content":{"rendered":"<div id=\"cs-content\" class=\"cs-content\"><\/div>\n","protected":false},"excerpt":{"rendered":"<p>\u00d6lbremsenconstant velocity regardless of weight \u2026\u00d6lbremsen werden vom Cockpit bis zum Heck in verschiedensten Klappen verbaut, um diese bequem und sicher bedienen zu k\u00f6nnen. \u00d6lbremsen von General Aerospace unterscheiden sich dabei von herk\u00f6mmlichen Produkten vor allem in einem: Mit ihrer Unterst\u00fctzung \u00f6ffnen sich Klappen immer mit gleichbleibender Geschwindigkeit und zwar v\u00f6llig unabh\u00e4ngig vom Gewicht. Doch das ist noch nicht alles. &#8230; <\/p>\n<div><a href=\"https:\/\/general-aero.com\/en\/products\/hydraulic-dampers\" class=\"more-link\">Read More<\/a><\/div>\n","protected":false},"author":5,"featured_media":0,"parent":2523,"menu_order":0,"comment_status":"closed","ping_status":"open","template":"","meta":{"footnotes":""},"class_list":["post-2528","page","type-page","status-publish","hentry","no-post-thumbnail"],"yoast_head":"<!-- This site is optimized with the Yoast SEO plugin v27.6 - https:\/\/yoast.com\/product\/yoast-seo-wordpress\/ -->\n<title>Hydraulic dampers - General Aerospace<\/title>\n<meta name=\"robots\" content=\"index, follow, max-snippet:-1, max-image-preview:large, max-video-preview:-1\" \/>\n<link rel=\"canonical\" href=\"https:\/\/general-aero.com\/en\/products\/hydraulic-dampers\" \/>\n<meta property=\"og:locale\" content=\"en_US\" \/>\n<meta property=\"og:type\" content=\"article\" \/>\n<meta property=\"og:title\" content=\"Hydraulic dampers - General Aerospace\" \/>\n<meta property=\"og:description\" content=\"\u00d6lbremsenconstant velocity regardless of weight \u2026\u00d6lbremsen werden vom Cockpit bis zum Heck in verschiedensten Klappen verbaut, um diese bequem und sicher bedienen zu k\u00f6nnen. \u00d6lbremsen von General Aerospace unterscheiden sich dabei von herk\u00f6mmlichen Produkten vor allem in einem: Mit ihrer Unterst\u00fctzung \u00f6ffnen sich Klappen immer mit gleichbleibender Geschwindigkeit und zwar v\u00f6llig unabh\u00e4ngig vom Gewicht. Doch das ist noch nicht alles. ... Read More\" \/>\n<meta property=\"og:url\" content=\"https:\/\/general-aero.com\/en\/products\/hydraulic-dampers\" \/>\n<meta property=\"og:site_name\" content=\"General Aerospace\" \/>\n<meta property=\"article:modified_time\" content=\"2026-04-23T07:31:39+00:00\" \/>\n<meta name=\"twitter:card\" content=\"summary_large_image\" \/>\n<meta name=\"twitter:label1\" content=\"Est. reading time\" \/>\n\t<meta name=\"twitter:data1\" content=\"8 minutes\" \/>\n<script type=\"application\/ld+json\" class=\"yoast-schema-graph\">{\"@context\":\"https:\\\/\\\/schema.org\",\"@graph\":[{\"@type\":\"WebPage\",\"@id\":\"https:\\\/\\\/general-aero.com\\\/en\\\/products\\\/hydraulic-dampers\",\"url\":\"https:\\\/\\\/general-aero.com\\\/en\\\/products\\\/hydraulic-dampers\",\"name\":\"Hydraulic dampers - General Aerospace\",\"isPartOf\":{\"@id\":\"https:\\\/\\\/general-aero.com\\\/en#website\"},\"datePublished\":\"2018-02-15T09:04:10+00:00\",\"dateModified\":\"2026-04-23T07:31:39+00:00\",\"breadcrumb\":{\"@id\":\"https:\\\/\\\/general-aero.com\\\/en\\\/products\\\/hydraulic-dampers#breadcrumb\"},\"inLanguage\":\"en-US\",\"potentialAction\":[{\"@type\":\"ReadAction\",\"target\":[\"https:\\\/\\\/general-aero.com\\\/en\\\/products\\\/hydraulic-dampers\"]}]},{\"@type\":\"BreadcrumbList\",\"@id\":\"https:\\\/\\\/general-aero.com\\\/en\\\/products\\\/hydraulic-dampers#breadcrumb\",\"itemListElement\":[{\"@type\":\"ListItem\",\"position\":1,\"name\":\"Start\",\"item\":\"https:\\\/\\\/general-aero.com\\\/en\"},{\"@type\":\"ListItem\",\"position\":2,\"name\":\"Products\",\"item\":\"https:\\\/\\\/general-aero.com\\\/en\\\/products\"},{\"@type\":\"ListItem\",\"position\":3,\"name\":\"Hydraulic dampers\"}]},{\"@type\":\"WebSite\",\"@id\":\"https:\\\/\\\/general-aero.com\\\/en#website\",\"url\":\"https:\\\/\\\/general-aero.com\\\/en\",\"name\":\"General Aerospace\",\"description\":\"Cross the Line to the Future\",\"potentialAction\":[{\"@type\":\"SearchAction\",\"target\":{\"@type\":\"EntryPoint\",\"urlTemplate\":\"https:\\\/\\\/general-aero.com\\\/en?s={search_term_string}\"},\"query-input\":{\"@type\":\"PropertyValueSpecification\",\"valueRequired\":true,\"valueName\":\"search_term_string\"}}],\"inLanguage\":\"en-US\"}]}<\/script>\n<!-- \/ Yoast SEO plugin. -->","yoast_head_json":{"title":"Hydraulic dampers - General Aerospace","robots":{"index":"index","follow":"follow","max-snippet":"max-snippet:-1","max-image-preview":"max-image-preview:large","max-video-preview":"max-video-preview:-1"},"canonical":"https:\/\/general-aero.com\/en\/products\/hydraulic-dampers","og_locale":"en_US","og_type":"article","og_title":"Hydraulic dampers - General Aerospace","og_description":"\u00d6lbremsenconstant velocity regardless of weight \u2026\u00d6lbremsen werden vom Cockpit bis zum Heck in verschiedensten Klappen verbaut, um diese bequem und sicher bedienen zu k\u00f6nnen. \u00d6lbremsen von General Aerospace unterscheiden sich dabei von herk\u00f6mmlichen Produkten vor allem in einem: Mit ihrer Unterst\u00fctzung \u00f6ffnen sich Klappen immer mit gleichbleibender Geschwindigkeit und zwar v\u00f6llig unabh\u00e4ngig vom Gewicht. Doch das ist noch nicht alles. ... Read More","og_url":"https:\/\/general-aero.com\/en\/products\/hydraulic-dampers","og_site_name":"General Aerospace","article_modified_time":"2026-04-23T07:31:39+00:00","twitter_card":"summary_large_image","twitter_misc":{"Est. reading time":"8 minutes"},"schema":{"@context":"https:\/\/schema.org","@graph":[{"@type":"WebPage","@id":"https:\/\/general-aero.com\/en\/products\/hydraulic-dampers","url":"https:\/\/general-aero.com\/en\/products\/hydraulic-dampers","name":"Hydraulic dampers - General Aerospace","isPartOf":{"@id":"https:\/\/general-aero.com\/en#website"},"datePublished":"2018-02-15T09:04:10+00:00","dateModified":"2026-04-23T07:31:39+00:00","breadcrumb":{"@id":"https:\/\/general-aero.com\/en\/products\/hydraulic-dampers#breadcrumb"},"inLanguage":"en-US","potentialAction":[{"@type":"ReadAction","target":["https:\/\/general-aero.com\/en\/products\/hydraulic-dampers"]}]},{"@type":"BreadcrumbList","@id":"https:\/\/general-aero.com\/en\/products\/hydraulic-dampers#breadcrumb","itemListElement":[{"@type":"ListItem","position":1,"name":"Start","item":"https:\/\/general-aero.com\/en"},{"@type":"ListItem","position":2,"name":"Products","item":"https:\/\/general-aero.com\/en\/products"},{"@type":"ListItem","position":3,"name":"Hydraulic dampers"}]},{"@type":"WebSite","@id":"https:\/\/general-aero.com\/en#website","url":"https:\/\/general-aero.com\/en","name":"General Aerospace","description":"Cross the Line to the Future","potentialAction":[{"@type":"SearchAction","target":{"@type":"EntryPoint","urlTemplate":"https:\/\/general-aero.com\/en?s={search_term_string}"},"query-input":{"@type":"PropertyValueSpecification","valueRequired":true,"valueName":"search_term_string"}}],"inLanguage":"en-US"}]}},"_links":{"self":[{"href":"https:\/\/general-aero.com\/en\/wp-json\/wp\/v2\/pages\/2528","targetHints":{"allow":["GET"]}}],"collection":[{"href":"https:\/\/general-aero.com\/en\/wp-json\/wp\/v2\/pages"}],"about":[{"href":"https:\/\/general-aero.com\/en\/wp-json\/wp\/v2\/types\/page"}],"author":[{"embeddable":true,"href":"https:\/\/general-aero.com\/en\/wp-json\/wp\/v2\/users\/5"}],"replies":[{"embeddable":true,"href":"https:\/\/general-aero.com\/en\/wp-json\/wp\/v2\/comments?post=2528"}],"version-history":[{"count":17,"href":"https:\/\/general-aero.com\/en\/wp-json\/wp\/v2\/pages\/2528\/revisions"}],"predecessor-version":[{"id":22062,"href":"https:\/\/general-aero.com\/en\/wp-json\/wp\/v2\/pages\/2528\/revisions\/22062"}],"up":[{"embeddable":true,"href":"https:\/\/general-aero.com\/en\/wp-json\/wp\/v2\/pages\/2523"}],"wp:attachment":[{"href":"https:\/\/general-aero.com\/en\/wp-json\/wp\/v2\/media?parent=2528"}],"curies":[{"name":"wp","href":"https:\/\/api.w.org\/{rel}","templated":true}]}}